{"id":3657,"date":"2022-01-17T13:42:26","date_gmt":"2022-01-17T13:42:26","guid":{"rendered":"https:\/\/dokkarchitects.com\/avaleht\/"},"modified":"2026-04-01T16:17:05","modified_gmt":"2026-04-01T14:17:05","slug":"avaleht","status":"publish","type":"page","link":"https:\/\/dokkarchitects.com\/et\/","title":{"rendered":"Avaleht"},"content":{"rendered":"\t\t<div data-elementor-type=\"wp-page\" data-elementor-id=\"3657\" class=\"elementor elementor-3657 elementor-11\" data-elementor-post-type=\"page\">\n\t\t\t\t\t\t<section class=\"elementor-section elementor-top-section elementor-element elementor-element-86df6fb elementor-section-full_width elementor-section-height-min-height elementor-section-items-top elementor-section-height-default\" data-id=\"86df6fb\" data-element_type=\"section\" data-e-type=\"section\">\n\t\t\t\t\t\t<div class=\"elementor-container elementor-column-gap-no\">\n\t\t\t\t\t<div class=\"elementor-column elementor-col-100 elementor-top-column elementor-element elementor-element-dc8729b\" data-id=\"dc8729b\" data-element_type=\"column\" data-e-type=\"column\">\n\t\t\t<div class=\"elementor-widget-wrap elementor-element-populated\">\n\t\t\t\t\t\t<div class=\"elementor-element elementor-element-e0c3902 elementor--h-position-center elementor--v-position-middle elementor-arrows-position-inside elementor-widget elementor-widget-slides\" data-id=\"e0c3902\" data-element_type=\"widget\" data-e-type=\"widget\" data-settings=\"{&quot;navigation&quot;:&quot;arrows&quot;,&quot;autoplay_speed&quot;:4000,&quot;autoplay&quot;:&quot;yes&quot;,&quot;pause_on_interaction&quot;:&quot;yes&quot;,&quot;infinite&quot;:&quot;yes&quot;,&quot;transition&quot;:&quot;slide&quot;,&quot;transition_speed&quot;:500}\" data-widget_type=\"slides.default\">\n\t\t\t\t<div class=\"elementor-widget-container\">\n\t\t\t\t\t\t\t\t\t<div class=\"elementor-swiper\">\n\t\t\t\t\t<div class=\"elementor-slides-wrapper elementor-main-swiper swiper\" role=\"region\" aria-roledescription=\"carousel\" aria-label=\"Slides\" dir=\"ltr\" data-animation=\"fadeInUp\">\n\t\t\t\t<div class=\"swiper-wrapper elementor-slides\">\n\t\t\t\t\t\t\t\t\t\t<div class=\"elementor-repeater-item-11f67c4 swiper-slide\" role=\"group\" aria-roledescription=\"slide\"><div class=\"swiper-slide-bg\" role=\"img\" aria-label=\"006\"><\/div><div class=\"elementor-background-overlay\"><\/div><a class=\"swiper-slide-inner\" href=\"https:\/\/dokkarchitects.com\/et\/project\/ringi-villa\/\"><div class=\"swiper-slide-contents\"><div class=\"elementor-slide-heading\">Ringi villa<\/div><div  class=\"elementor-button elementor-slide-button elementor-size-sm\">Vaata projekti<\/div><\/div><\/a><\/div><div class=\"elementor-repeater-item-e76e7d9 swiper-slide\" role=\"group\" aria-roledescription=\"slide\"><div class=\"swiper-slide-bg\" role=\"img\" aria-label=\"2-KORGEMAE\"><\/div><div class=\"elementor-background-overlay\"><\/div><a class=\"swiper-slide-inner\" href=\"https:\/\/dokkarchitects.com\/et\/project\/korgemae-villa\/\"><div class=\"swiper-slide-contents\"><div class=\"elementor-slide-heading\">K\u00f5rgem\u00e4e villa<\/div><div  class=\"elementor-button elementor-slide-button elementor-size-sm\">Vaata projekti<\/div><\/div><\/a><\/div><div class=\"elementor-repeater-item-93f20d2 swiper-slide\" role=\"group\" aria-roledescription=\"slide\"><div class=\"swiper-slide-bg\" role=\"img\" aria-label=\"3-002\"><\/div><div class=\"elementor-background-overlay\"><\/div><a class=\"swiper-slide-inner\" href=\"https:\/\/dokkarchitects.com\/et\/project\/peetripere-korterelamud\/\"><div class=\"swiper-slide-contents\"><div class=\"elementor-slide-heading\">Peetripere korterelamud<\/div><div  class=\"elementor-button elementor-slide-button elementor-size-sm\">Vaata projekti<\/div><\/div><\/a><\/div><div class=\"elementor-repeater-item-0064400 swiper-slide\" role=\"group\" aria-roledescription=\"slide\"><div class=\"swiper-slide-bg\" role=\"img\" aria-label=\"MODULAR-CABIN-2-v02\"><\/div><div class=\"elementor-background-overlay\"><\/div><a class=\"swiper-slide-inner\" href=\"https:\/\/dokkarchitects.com\/et\/project\/modulaarmaja-2\/\"><div class=\"swiper-slide-contents\"><div class=\"elementor-slide-heading\">Modulaarmaja 2<\/div><div  class=\"elementor-button elementor-slide-button elementor-size-sm\">Vaata projekti<\/div><\/div><\/a><\/div><div class=\"elementor-repeater-item-6c2227b swiper-slide\" role=\"group\" aria-roledescription=\"slide\"><div class=\"swiper-slide-bg\" role=\"img\" aria-label=\"002\"><\/div><div class=\"elementor-background-overlay\"><\/div><a class=\"swiper-slide-inner\" href=\"https:\/\/dokkarchitects.com\/et\/project\/motuse-korterelamu\/\"><div class=\"swiper-slide-contents\"><div class=\"elementor-slide-heading\">M\u00f5tuse ridaelamu<\/div><div  class=\"elementor-button elementor-slide-button elementor-size-sm\">Vaata projekti<\/div><\/div><\/a><\/div><div class=\"elementor-repeater-item-b59ee47 swiper-slide\" role=\"group\" aria-roledescription=\"slide\"><div class=\"swiper-slide-bg\" role=\"img\" aria-label=\"004\"><\/div><div class=\"elementor-background-overlay\"><\/div><a class=\"swiper-slide-inner\" href=\"https:\/\/dokkarchitects.com\/et\/project\/rahni-villa\/\"><div class=\"swiper-slide-contents\"><div class=\"elementor-slide-heading\">R\u00e4hni villa<\/div><div  class=\"elementor-button elementor-slide-button elementor-size-sm\">Vaata projekti<\/div><\/div><\/a><\/div>\t\t\t\t<\/div>\n\t\t\t\t\t\t\t\t\t\t\t\t\t\t\t<div class=\"elementor-swiper-button elementor-swiper-button-prev\" role=\"button\" tabindex=\"0\" aria-label=\"Previous slide\">\n\t\t\t\t\t\t\t<i aria-hidden=\"true\" class=\"eicon-chevron-left\"><\/i>\t\t\t\t\t\t<\/div>\n\t\t\t\t\t\t<div class=\"elementor-swiper-button elementor-swiper-button-next\" role=\"button\" tabindex=\"0\" aria-label=\"Next slide\">\n\t\t\t\t\t\t\t<i aria-hidden=\"true\" class=\"eicon-chevron-right\"><\/i>\t\t\t\t\t\t<\/div>\n\t\t\t\t\t\t\t\t\t\t\t\t\t\t\t\t\t<\/div>\n\t\t\t\t<\/div>\n\t\t\t\t\t\t\t\t<\/div>\n\t\t\t\t<\/div>\n\t\t\t\t\t<\/div>\n\t\t<\/div>\n\t\t\t\t\t<\/div>\n\t\t<\/section>\n\t\t\t\t<section class=\"elementor-section elementor-top-section elementor-element elementor-element-58f6bc0 elementor-section-height-min-height elementor-section-items-top elementor-section-boxed elementor-section-height-default\" data-id=\"58f6bc0\" data-element_type=\"section\" data-e-type=\"section\" data-settings=\"{&quot;background_background&quot;:&quot;classic&quot;}\">\n\t\t\t\t\t\t<div class=\"elementor-container elementor-column-gap-default\">\n\t\t\t\t\t<div class=\"elementor-column elementor-col-20 elementor-top-column elementor-element elementor-element-ce3d459\" data-id=\"ce3d459\" data-element_type=\"column\" data-e-type=\"column\">\n\t\t\t<div class=\"elementor-widget-wrap elementor-element-populated\">\n\t\t\t\t\t\t<div class=\"elementor-element elementor-element-fe35b7e elementor-widget elementor-widget-counter\" data-id=\"fe35b7e\" data-element_type=\"widget\" data-e-type=\"widget\" data-widget_type=\"counter.default\">\n\t\t\t\t<div class=\"elementor-widget-container\">\n\t\t\t\t\t\t\t<div class=\"elementor-counter\">\n\t\t\t<div class=\"elementor-counter-title\">Aastat <br \/>Kogemust<\/div>\t\t\t<div class=\"elementor-counter-number-wrapper\">\n\t\t\t\t<span class=\"elementor-counter-number-prefix\"><\/span>\n\t\t\t\t<span class=\"elementor-counter-number\" data-duration=\"2000\" data-to-value=\"7\" data-from-value=\"0\" data-delimiter=\",\">0<\/span>\n\t\t\t\t<span class=\"elementor-counter-number-suffix\"><\/span>\n\t\t\t<\/div>\n\t\t<\/div>\n\t\t\t\t\t\t<\/div>\n\t\t\t\t<\/div>\n\t\t\t\t\t<\/div>\n\t\t<\/div>\n\t\t\t\t<div class=\"elementor-column elementor-col-20 elementor-top-column elementor-element elementor-element-759c8c5\" data-id=\"759c8c5\" data-element_type=\"column\" data-e-type=\"column\">\n\t\t\t<div class=\"elementor-widget-wrap elementor-element-populated\">\n\t\t\t\t\t\t<div class=\"elementor-element elementor-element-4d5514f elementor-widget elementor-widget-counter\" data-id=\"4d5514f\" data-element_type=\"widget\" data-e-type=\"widget\" data-widget_type=\"counter.default\">\n\t\t\t\t<div class=\"elementor-widget-container\">\n\t\t\t\t\t\t\t<div class=\"elementor-counter\">\n\t\t\t<div class=\"elementor-counter-title\">Projekti <\/div>\t\t\t<div class=\"elementor-counter-number-wrapper\">\n\t\t\t\t<span class=\"elementor-counter-number-prefix\"><\/span>\n\t\t\t\t<span class=\"elementor-counter-number\" data-duration=\"2000\" data-to-value=\"41\" data-from-value=\"0\" data-delimiter=\",\">0<\/span>\n\t\t\t\t<span class=\"elementor-counter-number-suffix\"><\/span>\n\t\t\t<\/div>\n\t\t<\/div>\n\t\t\t\t\t\t<\/div>\n\t\t\t\t<\/div>\n\t\t\t\t\t<\/div>\n\t\t<\/div>\n\t\t\t\t<div class=\"elementor-column elementor-col-20 elementor-top-column elementor-element elementor-element-d617a9d\" data-id=\"d617a9d\" data-element_type=\"column\" data-e-type=\"column\">\n\t\t\t<div class=\"elementor-widget-wrap elementor-element-populated\">\n\t\t\t\t\t\t<div class=\"elementor-element elementor-element-34bd3b2 elementor-widget elementor-widget-counter\" data-id=\"34bd3b2\" data-element_type=\"widget\" data-e-type=\"widget\" data-widget_type=\"counter.default\">\n\t\t\t\t<div class=\"elementor-widget-container\">\n\t\t\t\t\t\t\t<div class=\"elementor-counter\">\n\t\t\t<div class=\"elementor-counter-title\">Projektijuhtimisega Projekti<\/div>\t\t\t<div class=\"elementor-counter-number-wrapper\">\n\t\t\t\t<span class=\"elementor-counter-number-prefix\"><\/span>\n\t\t\t\t<span class=\"elementor-counter-number\" data-duration=\"2000\" data-to-value=\"16\" data-from-value=\"0\" data-delimiter=\",\">0<\/span>\n\t\t\t\t<span class=\"elementor-counter-number-suffix\"><\/span>\n\t\t\t<\/div>\n\t\t<\/div>\n\t\t\t\t\t\t<\/div>\n\t\t\t\t<\/div>\n\t\t\t\t\t<\/div>\n\t\t<\/div>\n\t\t\t\t<div class=\"elementor-column elementor-col-20 elementor-top-column elementor-element elementor-element-c87149d\" data-id=\"c87149d\" data-element_type=\"column\" data-e-type=\"column\">\n\t\t\t<div class=\"elementor-widget-wrap elementor-element-populated\">\n\t\t\t\t\t\t<div class=\"elementor-element elementor-element-4dcc7d8 elementor-widget elementor-widget-counter\" data-id=\"4dcc7d8\" data-element_type=\"widget\" data-e-type=\"widget\" data-widget_type=\"counter.default\">\n\t\t\t\t<div class=\"elementor-widget-container\">\n\t\t\t\t\t\t\t<div class=\"elementor-counter\">\n\t\t\t<div class=\"elementor-counter-title\">Avalikku V\u00f5istlust\u00f6\u00f6d<\/div>\t\t\t<div class=\"elementor-counter-number-wrapper\">\n\t\t\t\t<span class=\"elementor-counter-number-prefix\"><\/span>\n\t\t\t\t<span class=\"elementor-counter-number\" data-duration=\"2000\" data-to-value=\"9\" data-from-value=\"0\" data-delimiter=\",\">0<\/span>\n\t\t\t\t<span class=\"elementor-counter-number-suffix\"><\/span>\n\t\t\t<\/div>\n\t\t<\/div>\n\t\t\t\t\t\t<\/div>\n\t\t\t\t<\/div>\n\t\t\t\t\t<\/div>\n\t\t<\/div>\n\t\t\t\t<div class=\"elementor-column elementor-col-20 elementor-top-column elementor-element elementor-element-f6be33e\" data-id=\"f6be33e\" data-element_type=\"column\" data-e-type=\"column\">\n\t\t\t<div class=\"elementor-widget-wrap elementor-element-populated\">\n\t\t\t\t\t\t<div class=\"elementor-element elementor-element-511a10c elementor-widget elementor-widget-counter\" data-id=\"511a10c\" data-element_type=\"widget\" data-e-type=\"widget\" data-widget_type=\"counter.default\">\n\t\t\t\t<div class=\"elementor-widget-container\">\n\t\t\t\t\t\t\t<div class=\"elementor-counter\">\n\t\t\t<div class=\"elementor-counter-title\">Partnerit<\/div>\t\t\t<div class=\"elementor-counter-number-wrapper\">\n\t\t\t\t<span class=\"elementor-counter-number-prefix\"><\/span>\n\t\t\t\t<span class=\"elementor-counter-number\" data-duration=\"2000\" data-to-value=\"12\" data-from-value=\"0\" data-delimiter=\",\">0<\/span>\n\t\t\t\t<span class=\"elementor-counter-number-suffix\"><\/span>\n\t\t\t<\/div>\n\t\t<\/div>\n\t\t\t\t\t\t<\/div>\n\t\t\t\t<\/div>\n\t\t\t\t\t<\/div>\n\t\t<\/div>\n\t\t\t\t\t<\/div>\n\t\t<\/section>\n\t\t\t\t<\/div>\n\t\t","protected":false},"excerpt":{"rendered":"<p>Ringi villaVaata projektiK\u00f5rgem\u00e4e villaVaata projektiPeetripere korterelamudVaata projektiModulaarmaja 2Vaata projektiM\u00f5tuse ridaelamuVaata projektiR\u00e4hni villaVaata projekti Aastat Kogemust 0 Projekti 0 Projektijuhtimisega Projekti 0 Avalikku V\u00f5istlust\u00f6\u00f6d 0 Partnerit 0<\/p>\n","protected":false},"author":2,"featured_media":0,"parent":0,"menu_order":0,"comment_status":"closed","ping_status":"closed","template":"elementor_header_footer","meta":{"_acf_changed":false,"inline_featured_image":false,"site-sidebar-layout":"no-sidebar","site-content-layout":"page-builder","ast-site-content-layout":"full-width-container","site-content-style":"unboxed","site-sidebar-style":"unboxed","ast-global-header-display":"","ast-banner-title-visibility":"","ast-main-header-display":"","ast-hfb-above-header-display":"","ast-hfb-below-header-display":"","ast-hfb-mobile-header-display":"","site-post-title":"disabled","ast-breadcrumbs-content":"","ast-featured-img":"disabled","footer-sml-layout":"","ast-disable-related-posts":"","theme-transparent-header-meta":"default","adv-header-id-meta":"","stick-header-meta":"","header-above-stick-meta":"","header-main-stick-meta":"","header-below-stick-meta":"","astra-migrate-meta-layouts":"default","ast-page-background-enabled":"default","ast-page-background-meta":{"desktop":{"background-color":"","background-image":"","background-repeat":"repeat","background-position":"center center","background-size":"auto","background-attachment":"scroll","background-type":"","background-media":"","overlay-type":"","overlay-color":"","overlay-opacity":"","overlay-gradient":""},"tablet":{"background-color":"","background-image":"","background-repeat":"repeat","background-position":"center center","background-size":"auto","background-attachment":"scroll","background-type":"","background-media":"","overlay-type":"","overlay-color":"","overlay-opacity":"","overlay-gradient":""},"mobile":{"background-color":"","background-image":"","background-repeat":"repeat","background-position":"center center","background-size":"auto","background-attachment":"scroll","background-type":"","background-media":"","overlay-type":"","overlay-color":"","overlay-opacity":"","overlay-gradient":""}},"ast-content-background-meta":{"desktop":{"background-color":"var(--ast-global-color-5)","background-image":"","background-repeat":"repeat","background-position":"center center","background-size":"auto","background-attachment":"scroll","background-type":"","background-media":"","overlay-type":"","overlay-color":"","overlay-opacity":"","overlay-gradient":""},"tablet":{"background-color":"var(--ast-global-color-5)","background-image":"","background-repeat":"repeat","background-position":"center center","background-size":"auto","background-attachment":"scroll","background-type":"","background-media":"","overlay-type":"","overlay-color":"","overlay-opacity":"","overlay-gradient":""},"mobile":{"background-color":"var(--ast-global-color-5)","background-image":"","background-repeat":"repeat","background-position":"center center","background-size":"auto","background-attachment":"scroll","background-type":"","background-media":"","overlay-type":"","overlay-color":"","overlay-opacity":"","overlay-gradient":""}},"footnotes":""},"class_list":["post-3657","page","type-page","status-publish","hentry"],"acf":[],"yoast_head":"<!-- This site is optimized with the Yoast SEO plugin v27.3 - https:\/\/yoast.com\/product\/yoast-seo-wordpress\/ -->\n<title>Avaleht - DOKK Architects<\/title>\n<meta name=\"robots\" content=\"index, follow, max-snippet:-1, max-image-preview:large, max-video-preview:-1\" \/>\n<link rel=\"canonical\" href=\"https:\/\/dokkarchitects.com\/et\/\" \/>\n<meta property=\"og:locale\" content=\"et_EE\" \/>\n<meta property=\"og:type\" content=\"article\" \/>\n<meta property=\"og:title\" content=\"Avaleht - DOKK Architects\" \/>\n<meta property=\"og:description\" content=\"Ringi villaVaata projektiK\u00f5rgem\u00e4e villaVaata projektiPeetripere korterelamudVaata projektiModulaarmaja 2Vaata projektiM\u00f5tuse ridaelamuVaata projektiR\u00e4hni villaVaata projekti Aastat Kogemust 0 Projekti 0 Projektijuhtimisega Projekti 0 Avalikku V\u00f5istlust\u00f6\u00f6d 0 Partnerit 0\" \/>\n<meta property=\"og:url\" content=\"https:\/\/dokkarchitects.com\/et\/\" \/>\n<meta property=\"og:site_name\" content=\"DOKK Architects\" \/>\n<meta property=\"article:publisher\" content=\"https:\/\/www.facebook.com\/dokkarchitects\" \/>\n<meta property=\"article:modified_time\" content=\"2026-04-01T14:17:05+00:00\" \/>\n<meta name=\"twitter:card\" content=\"summary_large_image\" \/>\n<meta name=\"twitter:label1\" content=\"Est. reading time\" \/>\n\t<meta name=\"twitter:data1\" content=\"1 minut\" \/>\n<script type=\"application\/ld+json\" class=\"yoast-schema-graph\">{\"@context\":\"https:\\\/\\\/schema.org\",\"@graph\":[{\"@type\":\"WebPage\",\"@id\":\"https:\\\/\\\/dokkarchitects.com\\\/et\\\/\",\"url\":\"https:\\\/\\\/dokkarchitects.com\\\/et\\\/\",\"name\":\"Avaleht - DOKK Architects\",\"isPartOf\":{\"@id\":\"https:\\\/\\\/dokkarchitects.com\\\/et\\\/#website\"},\"datePublished\":\"2022-01-17T13:42:26+00:00\",\"dateModified\":\"2026-04-01T14:17:05+00:00\",\"breadcrumb\":{\"@id\":\"https:\\\/\\\/dokkarchitects.com\\\/et\\\/#breadcrumb\"},\"inLanguage\":\"et\",\"potentialAction\":[{\"@type\":\"ReadAction\",\"target\":[\"https:\\\/\\\/dokkarchitects.com\\\/et\\\/\"]}]},{\"@type\":\"BreadcrumbList\",\"@id\":\"https:\\\/\\\/dokkarchitects.com\\\/et\\\/#breadcrumb\",\"itemListElement\":[{\"@type\":\"ListItem\",\"position\":1,\"name\":\"Home\",\"item\":\"https:\\\/\\\/dokkarchitects.com\\\/et\\\/\"},{\"@type\":\"ListItem\",\"position\":2,\"name\":\"Avaleht\"}]},{\"@type\":\"WebSite\",\"@id\":\"https:\\\/\\\/dokkarchitects.com\\\/et\\\/#website\",\"url\":\"https:\\\/\\\/dokkarchitects.com\\\/et\\\/\",\"name\":\"DOKK Architects\",\"description\":\"-\",\"publisher\":{\"@id\":\"https:\\\/\\\/dokkarchitects.com\\\/et\\\/#organization\"},\"potentialAction\":[{\"@type\":\"SearchAction\",\"target\":{\"@type\":\"EntryPoint\",\"urlTemplate\":\"https:\\\/\\\/dokkarchitects.com\\\/et\\\/?s={search_term_string}\"},\"query-input\":{\"@type\":\"PropertyValueSpecification\",\"valueRequired\":true,\"valueName\":\"search_term_string\"}}],\"inLanguage\":\"et\"},{\"@type\":\"Organization\",\"@id\":\"https:\\\/\\\/dokkarchitects.com\\\/et\\\/#organization\",\"name\":\"DOKK Architects\",\"url\":\"https:\\\/\\\/dokkarchitects.com\\\/et\\\/\",\"logo\":{\"@type\":\"ImageObject\",\"inLanguage\":\"et\",\"@id\":\"https:\\\/\\\/dokkarchitects.com\\\/et\\\/#\\\/schema\\\/logo\\\/image\\\/\",\"url\":\"https:\\\/\\\/dokkarchitects.com\\\/wp-content\\\/uploads\\\/2026\\\/03\\\/LOGO-white-medium.jpg\",\"contentUrl\":\"https:\\\/\\\/dokkarchitects.com\\\/wp-content\\\/uploads\\\/2026\\\/03\\\/LOGO-white-medium.jpg\",\"width\":495,\"height\":323,\"caption\":\"DOKK Architects\"},\"image\":{\"@id\":\"https:\\\/\\\/dokkarchitects.com\\\/et\\\/#\\\/schema\\\/logo\\\/image\\\/\"},\"sameAs\":[\"https:\\\/\\\/www.facebook.com\\\/dokkarchitects\",\"https:\\\/\\\/www.instagram.com\\\/dokkarchitects\\\/\",\"https:\\\/\\\/ee.linkedin.com\\\/company\\\/dokk-architects\"]}]}<\/script>\n<!-- \/ Yoast SEO plugin. -->","yoast_head_json":{"title":"Avaleht - DOKK Architects","robots":{"index":"index","follow":"follow","max-snippet":"max-snippet:-1","max-image-preview":"max-image-preview:large","max-video-preview":"max-video-preview:-1"},"canonical":"https:\/\/dokkarchitects.com\/et\/","og_locale":"et_EE","og_type":"article","og_title":"Avaleht - DOKK Architects","og_description":"Ringi villaVaata projektiK\u00f5rgem\u00e4e villaVaata projektiPeetripere korterelamudVaata projektiModulaarmaja 2Vaata projektiM\u00f5tuse ridaelamuVaata projektiR\u00e4hni villaVaata projekti Aastat Kogemust 0 Projekti 0 Projektijuhtimisega Projekti 0 Avalikku V\u00f5istlust\u00f6\u00f6d 0 Partnerit 0","og_url":"https:\/\/dokkarchitects.com\/et\/","og_site_name":"DOKK Architects","article_publisher":"https:\/\/www.facebook.com\/dokkarchitects","article_modified_time":"2026-04-01T14:17:05+00:00","twitter_card":"summary_large_image","twitter_misc":{"Est. reading time":"1 minut"},"schema":{"@context":"https:\/\/schema.org","@graph":[{"@type":"WebPage","@id":"https:\/\/dokkarchitects.com\/et\/","url":"https:\/\/dokkarchitects.com\/et\/","name":"Avaleht - DOKK Architects","isPartOf":{"@id":"https:\/\/dokkarchitects.com\/et\/#website"},"datePublished":"2022-01-17T13:42:26+00:00","dateModified":"2026-04-01T14:17:05+00:00","breadcrumb":{"@id":"https:\/\/dokkarchitects.com\/et\/#breadcrumb"},"inLanguage":"et","potentialAction":[{"@type":"ReadAction","target":["https:\/\/dokkarchitects.com\/et\/"]}]},{"@type":"BreadcrumbList","@id":"https:\/\/dokkarchitects.com\/et\/#breadcrumb","itemListElement":[{"@type":"ListItem","position":1,"name":"Home","item":"https:\/\/dokkarchitects.com\/et\/"},{"@type":"ListItem","position":2,"name":"Avaleht"}]},{"@type":"WebSite","@id":"https:\/\/dokkarchitects.com\/et\/#website","url":"https:\/\/dokkarchitects.com\/et\/","name":"DOKK Architects","description":"-","publisher":{"@id":"https:\/\/dokkarchitects.com\/et\/#organization"},"potentialAction":[{"@type":"SearchAction","target":{"@type":"EntryPoint","urlTemplate":"https:\/\/dokkarchitects.com\/et\/?s={search_term_string}"},"query-input":{"@type":"PropertyValueSpecification","valueRequired":true,"valueName":"search_term_string"}}],"inLanguage":"et"},{"@type":"Organization","@id":"https:\/\/dokkarchitects.com\/et\/#organization","name":"DOKK Architects","url":"https:\/\/dokkarchitects.com\/et\/","logo":{"@type":"ImageObject","inLanguage":"et","@id":"https:\/\/dokkarchitects.com\/et\/#\/schema\/logo\/image\/","url":"https:\/\/dokkarchitects.com\/wp-content\/uploads\/2026\/03\/LOGO-white-medium.jpg","contentUrl":"https:\/\/dokkarchitects.com\/wp-content\/uploads\/2026\/03\/LOGO-white-medium.jpg","width":495,"height":323,"caption":"DOKK Architects"},"image":{"@id":"https:\/\/dokkarchitects.com\/et\/#\/schema\/logo\/image\/"},"sameAs":["https:\/\/www.facebook.com\/dokkarchitects","https:\/\/www.instagram.com\/dokkarchitects\/","https:\/\/ee.linkedin.com\/company\/dokk-architects"]}]}},"_links":{"self":[{"href":"https:\/\/dokkarchitects.com\/et\/wp-json\/wp\/v2\/pages\/3657","targetHints":{"allow":["GET"]}}],"collection":[{"href":"https:\/\/dokkarchitects.com\/et\/wp-json\/wp\/v2\/pages"}],"about":[{"href":"https:\/\/dokkarchitects.com\/et\/wp-json\/wp\/v2\/types\/page"}],"author":[{"embeddable":true,"href":"https:\/\/dokkarchitects.com\/et\/wp-json\/wp\/v2\/users\/2"}],"replies":[{"embeddable":true,"href":"https:\/\/dokkarchitects.com\/et\/wp-json\/wp\/v2\/comments?post=3657"}],"version-history":[{"count":52,"href":"https:\/\/dokkarchitects.com\/et\/wp-json\/wp\/v2\/pages\/3657\/revisions"}],"predecessor-version":[{"id":5539,"href":"https:\/\/dokkarchitects.com\/et\/wp-json\/wp\/v2\/pages\/3657\/revisions\/5539"}],"wp:attachment":[{"href":"https:\/\/dokkarchitects.com\/et\/wp-json\/wp\/v2\/media?parent=3657"}],"curies":[{"name":"wp","href":"https:\/\/api.w.org\/{rel}","templated":true}]}}